{"id":983,"date":"2023-07-19T23:16:59","date_gmt":"2023-07-19T21:16:59","guid":{"rendered":"https:\/\/kidairport.com\/?page_id=983"},"modified":"2024-12-30T15:27:54","modified_gmt":"2024-12-30T14:27:54","slug":"more-about-us","status":"publish","type":"page","link":"https:\/\/kidairport.com\/en\/more-about-us\/","title":{"rendered":"More about us"},"content":{"rendered":"<h2>Ownership<\/h2>\n<p>Kristianstad Airport AB is a municipally owned company. We are owned by Kristianstad Municipality (91%), H\u00e4ssleholm Municipality (5%), Brom\u00f6lla Municipality (2%), and \u00d6stra G\u00f6inge Municipality (2%).<\/p>\n<h2>Societal Benefit<\/h2>\n<p>The societal benefit that our airport contributes to includes preparedness for medical air transport, where we open the airport and control tower for emergency medical flights with 1 hour&#8217;s notice. The base for the Swedish Maritime Administration&#8217;s SAR Helicopter SOUTH, which is ready to respond 24\/7, year-round. Our participation in various collaborative exercises with other societal functions such as the police, ambulance services, and fire brigade, as well as military exercises &#8211; most recently Aurora 2023. Additionally, we help to maintain our part of Scania (Sk\u00e5ne) as a vibrant and attractive region for both residents and businesses.<\/p>\n<h2>History<\/h2>\n<p>Ever\u00f6dsf\u00e4ltet was established as a grass runway in the mid-1940s and was paved in 1953. The Chief of the Air Force opened the airport for civilian traffic in 1960. Civilian operations commenced in April 1961 when Linjeflyg operated two daily flights to Stockholm\/Bromma. In that year, 6,397 passengers flew from Kristianstad Airport.<\/p>\n<p>In the years leading up to 1988, the number of weekly flights on the Bromma route increased, and that year, the airport also gained its first international route. The Danish airline MUKAIR began flying between Kristianstad and Copenhagen as a feeder route to the major hub at Kastrup, until October 2000.<\/p>\n<p>In 1992, an international route to the east was established. Air Lithuania operated flights between Kristianstad and Palanga in Lithuania until the autumn of 2003. In January 1993, Linjeflyg was acquired by SAS, which continued to operate multiple daily flights to Stockholm.<\/p>\n<p>Significant changes and improvements were made to the airport between 1995 and 1997. The terminal was expanded, the car park was enlarged, and the apron was increased in size. The runway was widened, reinforced, and extended, and a new ILS system was installed. The field area was acquired from the Swedish Armed Forces in 1996, making the airport completely civilian. The new name became Kristianstad Airport.<\/p>\n<p>The upgrades enabled operations with heavier and larger aircraft. In April 1997, the first charter flight took off from Kristianstad Airport, headed to Mallorca. This was followed by the establishment of winter charters once a week to the Canary Islands. In between, there was also a summer season with charters to Cyprus.<\/p>\n<p>The biggest news in 1998 was the establishment of Ryanair, with a daily connection to London. Ryanair continued to operate the route until the spring of 2001. During that time, the AFIS service was discontinued, and ATS Kristianstad became controlled throughout opening hours. Between 2001 and 2015, we had charters to destinations such as Turkey and Croatia.<\/p>\n<p><img loading=\"lazy\" decoding=\"async\" class=\"wp-image-1235 size-medium alignright\" src=\"https:\/\/kidairport.com\/wp-content\/uploads\/2023\/08\/Morgonsol-i-gaten-scaled-e1692604354304-490x670.jpg\" alt=\"\" width=\"490\" height=\"670\" srcset=\"https:\/\/kidairport.com\/wp-content\/uploads\/2023\/08\/Morgonsol-i-gaten-scaled-e1692604354304-490x670.jpg 490w, https:\/\/kidairport.com\/wp-content\/uploads\/2023\/08\/Morgonsol-i-gaten-scaled-e1692604354304-980x1340.jpg 980w, https:\/\/kidairport.com\/wp-content\/uploads\/2023\/08\/Morgonsol-i-gaten-scaled-e1692604354304-768x1050.jpg 768w, https:\/\/kidairport.com\/wp-content\/uploads\/2023\/08\/Morgonsol-i-gaten-scaled-e1692604354304-1124x1536.jpg 1124w, https:\/\/kidairport.com\/wp-content\/uploads\/2023\/08\/Morgonsol-i-gaten-scaled-e1692604354304-66x90.jpg 66w, https:\/\/kidairport.com\/wp-content\/uploads\/2023\/08\/Morgonsol-i-gaten-scaled-e1692604354304-146x200.jpg 146w, https:\/\/kidairport.com\/wp-content\/uploads\/2023\/08\/Morgonsol-i-gaten-scaled-e1692604354304.jpg 1441w\" sizes=\"(max-width: 490px) 100vw, 490px\" \/>In 1999, our passenger count exceeded 250,000 for the first time.<\/p>\n<p>In 2000, Adria Airways established the flight route between Kristianstad and Ljubljana in Slovenia, which was operated once a week until the fall of 2001.<\/p>\n<p>SAS operated flights to Stockholm\/Arlanda for almost 10 years. In 2002, SAS subsidiaries Skyways and Malm\u00f6 Aviation took over the Stockholm routes. After intense competition between the two companies, Skyways won and operated 7-9 flights daily to Arlanda. Skyways went bankrupt in May 2012.<\/p>\n<p>In the summer of 2013, a broader approach was taken to the airport&#8217;s role for the entire region and a &#8220;new&#8221; fresh airport was inaugurated with a new name: Kristianstad \u00d6sterlen Airport!<\/p>\n<p>In August 2012, Sparrow Aviation (formerly Flyglinjen) began operating Kristianstad \u2013 Arlanda flights, with three to four flights a day.<\/p>\n<p>When BRA took over in 2018 and opened a new route to Bromma, Kristianstad \u00d6sterlen Airport became one of the only two Swedish airports to experience an increase in passenger numbers. In December, we reached our goal of 40,000 passengers. The people had spoken &#8211; Kristianstad \u00d6sterlen Airport is essential for both individuals and businesses!<\/p>\n<p>In mid-2018, the Swedish Maritime Administration&#8217;s SAR Helicopter SOUTH moved to a temporary base at our airport.<\/p>\n<p>The pandemic arrived, and BRA entered reconstruction, concluding its final flight with us in the spring of 2020. During the period without an airline, the airport staff was on short-term layoff, while daily operations, maintenance, and renovation of facilities were part of our schedule. Additionally, we became one of Sweden&#8217;s emergency preparedness airports, allowing us to open the airport for emergency medical flights with 1 hour&#8217;s notice.<\/p>\n<p>In April 2020, an agreement was reached for a permanent base at KID, and SAR Helicopter SOUTH became our neighbors for the next 20 years!<\/p>\n<p>On November 19, 2020, a press release was issued announcing a new airline coming to KID &#8211; Sk\u00e5neflyg. The company, established by four entrepreneurs with roots in the region, was created to secure the link between eastern Sk\u00e5ne and Stockholm. The pandemic caused delays in the startup process, but on March 28, 2022, Sk\u00e5neflyg&#8217;s &#8220;Humlan&#8221; made its first flight to Stockholm and Bromma. Support from passengers and the region&#8217;s business community was strong, but new challenges awaited, including increased fuel prices. In the spring of 2023, it was announced that the final flight would be on June 25, and instead, together with us, the work began to secure the next operator for the route.<\/p>\n<p>Starting in March 2022, SAR Helicopter SOUTH flies on bio-jet fuel to reduce emissions. On June 22, 2022, SAR Helicopter SOUTH and its personnel moved in and became operational in the new permanent helicopter base at KID.<\/p>\n<p>During the summer of 2023, it was time to resurface KID&#8217;s runway. Runway 01\/19 is now in perfect condition for the autumn launch of the Stockholm route.<\/p>\n<p>On August 27, 2023, BRA began operating with us again. The company, which had consolidated its place in Swedish domestic traffic even more, also had the Bromma \u2013 Helsinki route, which is a major hub to the rest of the world. With their focus on greener flights, we were pleased to welcome BRA, who received the award \u201cSweden\u2019s most satisfied air passengers\u201d from the Swedish Quality Index in both 2023 and 2024, back.<\/p>\n<p>From January 1, 2025, BRA will cease to fly its own scheduled traffic, and thus the Kristianstad\/\u00d6sterlen \u2013 Stockholm\/Bromma route will also cease.<\/p>\n<p>When we a now plan for future passenger traffic, it is important to design solutions that meet the needs of society and that are integrated into a long-term development plan for eastern Sk\u00e5ne.<br \/>\nFor a region to be attractive to investors and potential residents, access to infrastructure is crucial \u2013 and flights are a very important part of this.<\/p>\n","protected":false},"excerpt":{"rendered":"<p>Ownership Kristianstad Airport AB is a municipally owned company. We are owned by Kristianstad Municipality (91%), H\u00e4ssleholm Municipality (5%), Brom\u00f6lla Municipality (2%), and \u00d6stra G\u00f6inge Municipality (2%). Societal Benefit The societal benefit that our airport contributes to includes preparedness for medical air transport, where we open the airport and control tower for emergency medical flights [&hellip;]<\/p>\n","protected":false},"author":3,"featured_media":908,"parent":0,"menu_order":0,"comment_status":"closed","ping_status":"closed","template":"","meta":{"_acf_changed":false,"_monsterinsights_skip_tracking":false,"_monsterinsights_sitenote_active":false,"_monsterinsights_sitenote_note":"","_monsterinsights_sitenote_category":0,"footnotes":""},"class_list":["post-983","page","type-page","status-publish","has-post-thumbnail","hentry"],"acf":[],"yoast_head":"<!-- This site is optimized with the Yoast SEO plugin v27.3 - https:\/\/yoast.com\/product\/yoast-seo-wordpress\/ -->\n<title>More about us - KID Airport<\/title>\n<meta name=\"description\" content=\"Ownership Kristianstad Airport AB is a municipally owned company. We are owned by Kristianstad Municipality (91%), H\u00e4ssleholm Municipality (5%), Brom\u00f6lla\" \/>\n<meta name=\"robots\" content=\"index, follow, max-snippet:-1, max-image-preview:large, max-video-preview:-1\" \/>\n<link rel=\"canonical\" href=\"https:\/\/kidairport.com\/en\/more-about-us\/\" \/>\n<meta property=\"og:locale\" content=\"en_US\" \/>\n<meta property=\"og:type\" content=\"article\" \/>\n<meta property=\"og:title\" content=\"More about us - KID Airport\" \/>\n<meta property=\"og:description\" content=\"Ownership Kristianstad Airport AB is a municipally owned company. We are owned by Kristianstad Municipality (91%), H\u00e4ssleholm Municipality (5%), Brom\u00f6lla\" \/>\n<meta property=\"og:url\" content=\"https:\/\/kidairport.com\/en\/more-about-us\/\" \/>\n<meta property=\"og:site_name\" content=\"KID Airport\" \/>\n<meta property=\"article:publisher\" content=\"https:\/\/www.facebook.com\/KIDAirport\" \/>\n<meta property=\"article:modified_time\" content=\"2024-12-30T14:27:54+00:00\" \/>\n<meta property=\"og:image\" content=\"https:\/\/kidairport.com\/wp-content\/uploads\/2023\/07\/Litet-plan-pa-runway-1-scaled-e1689681044254.jpg\" \/>\n\t<meta property=\"og:image:width\" content=\"1440\" \/>\n\t<meta property=\"og:image:height\" content=\"1894\" \/>\n\t<meta property=\"og:image:type\" content=\"image\/jpeg\" \/>\n<meta name=\"twitter:card\" content=\"summary_large_image\" \/>\n<meta name=\"twitter:label1\" content=\"Est. reading time\" \/>\n\t<meta name=\"twitter:data1\" content=\"6 minutes\" \/>\n<script type=\"application\/ld+json\" class=\"yoast-schema-graph\">{\"@context\":\"https:\\\/\\\/schema.org\",\"@graph\":[{\"@type\":\"WebPage\",\"@id\":\"https:\\\/\\\/kidairport.com\\\/en\\\/more-about-us\\\/\",\"url\":\"https:\\\/\\\/kidairport.com\\\/en\\\/more-about-us\\\/\",\"name\":\"More about us - KID Airport\",\"isPartOf\":{\"@id\":\"https:\\\/\\\/kidairport.com\\\/#website\"},\"primaryImageOfPage\":{\"@id\":\"https:\\\/\\\/kidairport.com\\\/en\\\/more-about-us\\\/#primaryimage\"},\"image\":{\"@id\":\"https:\\\/\\\/kidairport.com\\\/en\\\/more-about-us\\\/#primaryimage\"},\"thumbnailUrl\":\"https:\\\/\\\/kidairport.com\\\/wp-content\\\/uploads\\\/2023\\\/07\\\/Litet-plan-pa-runway-1-scaled-e1689681044254.jpg\",\"datePublished\":\"2023-07-19T21:16:59+00:00\",\"dateModified\":\"2024-12-30T14:27:54+00:00\",\"description\":\"Ownership Kristianstad Airport AB is a municipally owned company. We are owned by Kristianstad Municipality (91%), H\u00e4ssleholm Municipality (5%), Brom\u00f6lla\",\"breadcrumb\":{\"@id\":\"https:\\\/\\\/kidairport.com\\\/en\\\/more-about-us\\\/#breadcrumb\"},\"inLanguage\":\"en-US\",\"potentialAction\":[{\"@type\":\"ReadAction\",\"target\":[\"https:\\\/\\\/kidairport.com\\\/en\\\/more-about-us\\\/\"]}]},{\"@type\":\"ImageObject\",\"inLanguage\":\"en-US\",\"@id\":\"https:\\\/\\\/kidairport.com\\\/en\\\/more-about-us\\\/#primaryimage\",\"url\":\"https:\\\/\\\/kidairport.com\\\/wp-content\\\/uploads\\\/2023\\\/07\\\/Litet-plan-pa-runway-1-scaled-e1689681044254.jpg\",\"contentUrl\":\"https:\\\/\\\/kidairport.com\\\/wp-content\\\/uploads\\\/2023\\\/07\\\/Litet-plan-pa-runway-1-scaled-e1689681044254.jpg\",\"width\":1440,\"height\":1894},{\"@type\":\"BreadcrumbList\",\"@id\":\"https:\\\/\\\/kidairport.com\\\/en\\\/more-about-us\\\/#breadcrumb\",\"itemListElement\":[{\"@type\":\"ListItem\",\"position\":1,\"name\":\"Home\",\"item\":\"https:\\\/\\\/kidairport.com\\\/en\\\/\"},{\"@type\":\"ListItem\",\"position\":2,\"name\":\"More about us\"}]},{\"@type\":\"WebSite\",\"@id\":\"https:\\\/\\\/kidairport.com\\\/#website\",\"url\":\"https:\\\/\\\/kidairport.com\\\/\",\"name\":\"KID Airport\",\"description\":\"Lite Mera Hj\u00e4rta\",\"publisher\":{\"@id\":\"https:\\\/\\\/kidairport.com\\\/#organization\"},\"potentialAction\":[{\"@type\":\"SearchAction\",\"target\":{\"@type\":\"EntryPoint\",\"urlTemplate\":\"https:\\\/\\\/kidairport.com\\\/?s={search_term_string}\"},\"query-input\":{\"@type\":\"PropertyValueSpecification\",\"valueRequired\":true,\"valueName\":\"search_term_string\"}}],\"inLanguage\":\"en-US\"},{\"@type\":\"Organization\",\"@id\":\"https:\\\/\\\/kidairport.com\\\/#organization\",\"name\":\"Kristianstad \u00d6sterlen Airport\",\"alternateName\":\"[KID] Airport\",\"url\":\"https:\\\/\\\/kidairport.com\\\/\",\"logo\":{\"@type\":\"ImageObject\",\"inLanguage\":\"en-US\",\"@id\":\"https:\\\/\\\/kidairport.com\\\/#\\\/schema\\\/logo\\\/image\\\/\",\"url\":\"https:\\\/\\\/kidairport.com\\\/wp-content\\\/uploads\\\/2025\\\/01\\\/KID-sv-e1736845008842.png\",\"contentUrl\":\"https:\\\/\\\/kidairport.com\\\/wp-content\\\/uploads\\\/2025\\\/01\\\/KID-sv-e1736845008842.png\",\"width\":696,\"height\":696,\"caption\":\"Kristianstad \u00d6sterlen Airport\"},\"image\":{\"@id\":\"https:\\\/\\\/kidairport.com\\\/#\\\/schema\\\/logo\\\/image\\\/\"},\"sameAs\":[\"https:\\\/\\\/www.facebook.com\\\/KIDAirport\",\"https:\\\/\\\/www.instagram.com\\\/kidairport\\\/\",\"https:\\\/\\\/www.linkedin.com\\\/company\\\/kristianstad-\u00f6sterlen-airport\"]}]}<\/script>\n<!-- \/ Yoast SEO plugin. -->","yoast_head_json":{"title":"More about us - KID Airport","description":"Ownership Kristianstad Airport AB is a municipally owned company. We are owned by Kristianstad Municipality (91%), H\u00e4ssleholm Municipality (5%), Brom\u00f6lla","robots":{"index":"index","follow":"follow","max-snippet":"max-snippet:-1","max-image-preview":"max-image-preview:large","max-video-preview":"max-video-preview:-1"},"canonical":"https:\/\/kidairport.com\/en\/more-about-us\/","og_locale":"en_US","og_type":"article","og_title":"More about us - KID Airport","og_description":"Ownership Kristianstad Airport AB is a municipally owned company. We are owned by Kristianstad Municipality (91%), H\u00e4ssleholm Municipality (5%), Brom\u00f6lla","og_url":"https:\/\/kidairport.com\/en\/more-about-us\/","og_site_name":"KID Airport","article_publisher":"https:\/\/www.facebook.com\/KIDAirport","article_modified_time":"2024-12-30T14:27:54+00:00","og_image":[{"width":1440,"height":1894,"url":"https:\/\/kidairport.com\/wp-content\/uploads\/2023\/07\/Litet-plan-pa-runway-1-scaled-e1689681044254.jpg","type":"image\/jpeg"}],"twitter_card":"summary_large_image","twitter_misc":{"Est. reading time":"6 minutes"},"schema":{"@context":"https:\/\/schema.org","@graph":[{"@type":"WebPage","@id":"https:\/\/kidairport.com\/en\/more-about-us\/","url":"https:\/\/kidairport.com\/en\/more-about-us\/","name":"More about us - KID Airport","isPartOf":{"@id":"https:\/\/kidairport.com\/#website"},"primaryImageOfPage":{"@id":"https:\/\/kidairport.com\/en\/more-about-us\/#primaryimage"},"image":{"@id":"https:\/\/kidairport.com\/en\/more-about-us\/#primaryimage"},"thumbnailUrl":"https:\/\/kidairport.com\/wp-content\/uploads\/2023\/07\/Litet-plan-pa-runway-1-scaled-e1689681044254.jpg","datePublished":"2023-07-19T21:16:59+00:00","dateModified":"2024-12-30T14:27:54+00:00","description":"Ownership Kristianstad Airport AB is a municipally owned company. We are owned by Kristianstad Municipality (91%), H\u00e4ssleholm Municipality (5%), Brom\u00f6lla","breadcrumb":{"@id":"https:\/\/kidairport.com\/en\/more-about-us\/#breadcrumb"},"inLanguage":"en-US","potentialAction":[{"@type":"ReadAction","target":["https:\/\/kidairport.com\/en\/more-about-us\/"]}]},{"@type":"ImageObject","inLanguage":"en-US","@id":"https:\/\/kidairport.com\/en\/more-about-us\/#primaryimage","url":"https:\/\/kidairport.com\/wp-content\/uploads\/2023\/07\/Litet-plan-pa-runway-1-scaled-e1689681044254.jpg","contentUrl":"https:\/\/kidairport.com\/wp-content\/uploads\/2023\/07\/Litet-plan-pa-runway-1-scaled-e1689681044254.jpg","width":1440,"height":1894},{"@type":"BreadcrumbList","@id":"https:\/\/kidairport.com\/en\/more-about-us\/#breadcrumb","itemListElement":[{"@type":"ListItem","position":1,"name":"Home","item":"https:\/\/kidairport.com\/en\/"},{"@type":"ListItem","position":2,"name":"More about us"}]},{"@type":"WebSite","@id":"https:\/\/kidairport.com\/#website","url":"https:\/\/kidairport.com\/","name":"KID Airport","description":"Lite Mera Hj\u00e4rta","publisher":{"@id":"https:\/\/kidairport.com\/#organization"},"potentialAction":[{"@type":"SearchAction","target":{"@type":"EntryPoint","urlTemplate":"https:\/\/kidairport.com\/?s={search_term_string}"},"query-input":{"@type":"PropertyValueSpecification","valueRequired":true,"valueName":"search_term_string"}}],"inLanguage":"en-US"},{"@type":"Organization","@id":"https:\/\/kidairport.com\/#organization","name":"Kristianstad \u00d6sterlen Airport","alternateName":"[KID] Airport","url":"https:\/\/kidairport.com\/","logo":{"@type":"ImageObject","inLanguage":"en-US","@id":"https:\/\/kidairport.com\/#\/schema\/logo\/image\/","url":"https:\/\/kidairport.com\/wp-content\/uploads\/2025\/01\/KID-sv-e1736845008842.png","contentUrl":"https:\/\/kidairport.com\/wp-content\/uploads\/2025\/01\/KID-sv-e1736845008842.png","width":696,"height":696,"caption":"Kristianstad \u00d6sterlen Airport"},"image":{"@id":"https:\/\/kidairport.com\/#\/schema\/logo\/image\/"},"sameAs":["https:\/\/www.facebook.com\/KIDAirport","https:\/\/www.instagram.com\/kidairport\/","https:\/\/www.linkedin.com\/company\/kristianstad-\u00f6sterlen-airport"]}]}},"_links":{"self":[{"href":"https:\/\/kidairport.com\/en\/wp-json\/wp\/v2\/pages\/983","targetHints":{"allow":["GET"]}}],"collection":[{"href":"https:\/\/kidairport.com\/en\/wp-json\/wp\/v2\/pages"}],"about":[{"href":"https:\/\/kidairport.com\/en\/wp-json\/wp\/v2\/types\/page"}],"author":[{"embeddable":true,"href":"https:\/\/kidairport.com\/en\/wp-json\/wp\/v2\/users\/3"}],"replies":[{"embeddable":true,"href":"https:\/\/kidairport.com\/en\/wp-json\/wp\/v2\/comments?post=983"}],"version-history":[{"count":0,"href":"https:\/\/kidairport.com\/en\/wp-json\/wp\/v2\/pages\/983\/revisions"}],"wp:featuredmedia":[{"embeddable":true,"href":"https:\/\/kidairport.com\/en\/wp-json\/wp\/v2\/media\/908"}],"wp:attachment":[{"href":"https:\/\/kidairport.com\/en\/wp-json\/wp\/v2\/media?parent=983"}],"curies":[{"name":"wp","href":"https:\/\/api.w.org\/{rel}","templated":true}]}}