{"id":921,"date":"2023-06-01T14:54:39","date_gmt":"2023-06-01T12:54:39","guid":{"rendered":"https:\/\/kidairport.com\/?page_id=921"},"modified":"2026-02-02T13:33:21","modified_gmt":"2026-02-02T12:33:21","slug":"contact","status":"publish","type":"page","link":"https:\/\/kidairport.com\/en\/contact\/","title":{"rendered":"Contact"},"content":{"rendered":"<h2>Kristianstad \u00d6sterlen Airport<\/h2>\n<p>Flygplatsv\u00e4gen 1<br \/>\n297 92 Ever\u00f6d<br \/>\nTel: <a href=\"tel:044238800\">044-23 88 00<\/a><br \/>\nE-mail: <a href=\"mailto:info@kidairport.com\">info@kidairport.com<\/a><\/p>\n<p>Mon-Thur\u00a0 \u00a0 07.00-19.30<br \/>\nFri\u00a0 \u00a0 \u00a0 \u00a0 \u00a0 \u00a0 \u00a0 \u00a0 \u00a0 07.00-16.00<\/p>\n<h2>Kristianstad Handling\/Traffic Information<\/h2>\n<p>Matters regarding on-going flight<br \/>\nTel: <a href=\"tel:044238810\">044-23 88 10<\/a><br \/>\nE-mail: <a href=\"mailto:info@kidairport.com\">info@kidairport.com<\/a><\/p>\n<p>Mon-Thur\u00a0 \u00a0 07.00-19.30<br \/>\nFri\u00a0 \u00a0 \u00a0 \u00a0 \u00a0 \u00a0 \u00a0 \u00a0 \u00a0 07.00-16.00<\/p>\n<h2>Airport Opening Hours<\/h2>\n<p>The terminal is always open 1h before, and 30min after departures\/arrivals<\/p>\n<h2>Air Traffic Control ATC<\/h2>\n<p>Opening hours: see <a href=\"https:\/\/www.aro.lfv.se\/Links\/Link\/ViewLink?TorLinkId=161&amp;type=AIS\">NOTAM<\/a><br \/>\nTel: <a href=\"tel:+46 (0) 44 23 88 58\">+46 (0) 44 23 88 58<\/a><br \/>\nE-mail: <a href=\"mailto:ats.kristianstad@acr-sweden.se\">ats.kristianstad@acr-sweden.se<\/a><\/p>\n<p>&nbsp;<\/p>\n<hr \/>\n<h4><\/h4>\n<h2>Contact information<\/h2>\n<p><strong>CEO<\/strong>\u00a0&#8211; Jonas Haak: <a href=\"mailto:jonas.haak@kidairport.com\">jonas.haak@kidairport.com<\/a><br \/>\n<strong>Operations Manager<\/strong> &#8211; Sara Nilsson: <a href=\"mailto:sara.nilsson@kidairport.com\">sara.nilsson@kidairport.com<\/a><br \/>\n<strong>Maintenance manager<\/strong> &#8211; Joakim Nor\u00e9n: <a href=\"mailto:joakim.noren@kidairport.com\">joakim.noren@kidairport.com<\/a><br \/>\n<strong>Safety Manager<\/strong> &#8211; Ellinor Persson: <a href=\"mailto:ellinor.persson@kidairport.com\" target=\"_blank\" rel=\"noopener\">ellinor.persson@kidairport.com<\/a><br \/>\n<strong>Security Manager<\/strong> &#8211; Wilhelm Nilsson: <a href=\"mailto:wilhelm.nilsson@kidairport.com\">wilhelm.nilsson@kidairport.com<\/a><br \/>\n<strong>Finance Assistant &#8211;<\/strong>\u00a0Linda Andersson:\u00a0<a href=\"mailto:linda.andersson@kidairport.com\">linda.andersson@kidairport.com<\/a><\/p>\n<p>&nbsp;<\/p>\n<hr \/>\n<p>&nbsp;<\/p>\n","protected":false},"excerpt":{"rendered":"<p>Kristianstad \u00d6sterlen Airport Flygplatsv\u00e4gen 1 297 92 Ever\u00f6d Tel: 044-23 88 00 E-mail: info@kidairport.com Mon-Thur\u00a0 \u00a0 07.00-19.30 Fri\u00a0 \u00a0 \u00a0 \u00a0 \u00a0 \u00a0 \u00a0 \u00a0 \u00a0 07.00-16.00 Kristianstad Handling\/Traffic Information Matters regarding on-going flight Tel: 044-23 88 10 E-mail: info@kidairport.com Mon-Thur\u00a0 \u00a0 07.00-19.30 Fri\u00a0 \u00a0 \u00a0 \u00a0 \u00a0 \u00a0 \u00a0 \u00a0 \u00a0 07.00-16.00 Airport Opening [&hellip;]<\/p>\n","protected":false},"author":3,"featured_media":1299,"parent":0,"menu_order":0,"comment_status":"closed","ping_status":"closed","template":"","meta":{"_acf_changed":false,"_monsterinsights_skip_tracking":false,"_monsterinsights_sitenote_active":false,"_monsterinsights_sitenote_note":"","_monsterinsights_sitenote_category":0,"footnotes":""},"class_list":["post-921","page","type-page","status-publish","has-post-thumbnail","hentry"],"acf":[],"yoast_head":"<!-- This site is optimized with the Yoast SEO plugin v27.5 - https:\/\/yoast.com\/product\/yoast-seo-wordpress\/ -->\n<title>Contact - KID Airport<\/title>\n<meta name=\"description\" content=\"Kristianstad \u00d6sterlen Airport Flygplatsv\u00e4gen 1 297 92 Ever\u00f6d Tel: 044-23 88 00 E-mail: info@kidairport.com Mon-Thur\u00a0 \u00a0 07.00-19.30 Fri\u00a0 \u00a0 \u00a0 \u00a0 \u00a0 \u00a0 \u00a0 \u00a0 \u00a0\" \/>\n<meta name=\"robots\" content=\"index, follow, max-snippet:-1, max-image-preview:large, max-video-preview:-1\" \/>\n<link rel=\"canonical\" href=\"https:\/\/kidairport.com\/en\/contact\/\" \/>\n<meta property=\"og:locale\" content=\"en_US\" \/>\n<meta property=\"og:type\" content=\"article\" \/>\n<meta property=\"og:title\" content=\"Contact - KID Airport\" \/>\n<meta property=\"og:description\" content=\"Kristianstad \u00d6sterlen Airport Flygplatsv\u00e4gen 1 297 92 Ever\u00f6d Tel: 044-23 88 00 E-mail: info@kidairport.com Mon-Thur\u00a0 \u00a0 07.00-19.30 Fri\u00a0 \u00a0 \u00a0 \u00a0 \u00a0 \u00a0 \u00a0 \u00a0 \u00a0\" \/>\n<meta property=\"og:url\" content=\"https:\/\/kidairport.com\/en\/contact\/\" \/>\n<meta property=\"og:site_name\" content=\"KID Airport\" \/>\n<meta property=\"article:publisher\" content=\"https:\/\/www.facebook.com\/KIDAirport\" \/>\n<meta property=\"article:modified_time\" content=\"2026-02-02T12:33:21+00:00\" \/>\n<meta property=\"og:image\" content=\"https:\/\/kidairport.com\/wp-content\/uploads\/2023\/08\/Radio-1-scaled-e1692604112172.jpg\" \/>\n\t<meta property=\"og:image:width\" content=\"1441\" \/>\n\t<meta property=\"og:image:height\" content=\"2150\" \/>\n\t<meta property=\"og:image:type\" content=\"image\/jpeg\" \/>\n<meta name=\"twitter:card\" content=\"summary_large_image\" \/>\n<meta name=\"twitter:label1\" content=\"Est. reading time\" \/>\n\t<meta name=\"twitter:data1\" content=\"1 minute\" \/>\n<script type=\"application\/ld+json\" class=\"yoast-schema-graph\">{\"@context\":\"https:\\\/\\\/schema.org\",\"@graph\":[{\"@type\":\"WebPage\",\"@id\":\"https:\\\/\\\/kidairport.com\\\/en\\\/contact\\\/\",\"url\":\"https:\\\/\\\/kidairport.com\\\/en\\\/contact\\\/\",\"name\":\"Contact - KID Airport\",\"isPartOf\":{\"@id\":\"https:\\\/\\\/kidairport.com\\\/#website\"},\"primaryImageOfPage\":{\"@id\":\"https:\\\/\\\/kidairport.com\\\/en\\\/contact\\\/#primaryimage\"},\"image\":{\"@id\":\"https:\\\/\\\/kidairport.com\\\/en\\\/contact\\\/#primaryimage\"},\"thumbnailUrl\":\"https:\\\/\\\/kidairport.com\\\/wp-content\\\/uploads\\\/2023\\\/08\\\/Radio-1-scaled-e1692604112172.jpg\",\"datePublished\":\"2023-06-01T12:54:39+00:00\",\"dateModified\":\"2026-02-02T12:33:21+00:00\",\"description\":\"Kristianstad \u00d6sterlen Airport Flygplatsv\u00e4gen 1 297 92 Ever\u00f6d Tel: 044-23 88 00 E-mail: info@kidairport.com Mon-Thur\u00a0 \u00a0 07.00-19.30 Fri\u00a0 \u00a0 \u00a0 \u00a0 \u00a0 \u00a0 \u00a0 \u00a0 \u00a0\",\"breadcrumb\":{\"@id\":\"https:\\\/\\\/kidairport.com\\\/en\\\/contact\\\/#breadcrumb\"},\"inLanguage\":\"en-US\",\"potentialAction\":[{\"@type\":\"ReadAction\",\"target\":[\"https:\\\/\\\/kidairport.com\\\/en\\\/contact\\\/\"]}]},{\"@type\":\"ImageObject\",\"inLanguage\":\"en-US\",\"@id\":\"https:\\\/\\\/kidairport.com\\\/en\\\/contact\\\/#primaryimage\",\"url\":\"https:\\\/\\\/kidairport.com\\\/wp-content\\\/uploads\\\/2023\\\/08\\\/Radio-1-scaled-e1692604112172.jpg\",\"contentUrl\":\"https:\\\/\\\/kidairport.com\\\/wp-content\\\/uploads\\\/2023\\\/08\\\/Radio-1-scaled-e1692604112172.jpg\",\"width\":1441,\"height\":2150},{\"@type\":\"BreadcrumbList\",\"@id\":\"https:\\\/\\\/kidairport.com\\\/en\\\/contact\\\/#breadcrumb\",\"itemListElement\":[{\"@type\":\"ListItem\",\"position\":1,\"name\":\"Home\",\"item\":\"https:\\\/\\\/kidairport.com\\\/en\\\/\"},{\"@type\":\"ListItem\",\"position\":2,\"name\":\"Contact\"}]},{\"@type\":\"WebSite\",\"@id\":\"https:\\\/\\\/kidairport.com\\\/#website\",\"url\":\"https:\\\/\\\/kidairport.com\\\/\",\"name\":\"KID Airport\",\"description\":\"Lite Mera Hj\u00e4rta\",\"publisher\":{\"@id\":\"https:\\\/\\\/kidairport.com\\\/#organization\"},\"potentialAction\":[{\"@type\":\"SearchAction\",\"target\":{\"@type\":\"EntryPoint\",\"urlTemplate\":\"https:\\\/\\\/kidairport.com\\\/?s={search_term_string}\"},\"query-input\":{\"@type\":\"PropertyValueSpecification\",\"valueRequired\":true,\"valueName\":\"search_term_string\"}}],\"inLanguage\":\"en-US\"},{\"@type\":\"Organization\",\"@id\":\"https:\\\/\\\/kidairport.com\\\/#organization\",\"name\":\"Kristianstad \u00d6sterlen Airport\",\"alternateName\":\"[KID] Airport\",\"url\":\"https:\\\/\\\/kidairport.com\\\/\",\"logo\":{\"@type\":\"ImageObject\",\"inLanguage\":\"en-US\",\"@id\":\"https:\\\/\\\/kidairport.com\\\/#\\\/schema\\\/logo\\\/image\\\/\",\"url\":\"https:\\\/\\\/kidairport.com\\\/wp-content\\\/uploads\\\/2025\\\/01\\\/KID-sv-e1736845008842.png\",\"contentUrl\":\"https:\\\/\\\/kidairport.com\\\/wp-content\\\/uploads\\\/2025\\\/01\\\/KID-sv-e1736845008842.png\",\"width\":696,\"height\":696,\"caption\":\"Kristianstad \u00d6sterlen Airport\"},\"image\":{\"@id\":\"https:\\\/\\\/kidairport.com\\\/#\\\/schema\\\/logo\\\/image\\\/\"},\"sameAs\":[\"https:\\\/\\\/www.facebook.com\\\/KIDAirport\",\"https:\\\/\\\/www.instagram.com\\\/kidairport\\\/\",\"https:\\\/\\\/www.linkedin.com\\\/company\\\/kristianstad-\u00f6sterlen-airport\"]}]}<\/script>\n<!-- \/ Yoast SEO plugin. -->","yoast_head_json":{"title":"Contact - KID Airport","description":"Kristianstad \u00d6sterlen Airport Flygplatsv\u00e4gen 1 297 92 Ever\u00f6d Tel: 044-23 88 00 E-mail: info@kidairport.com Mon-Thur\u00a0 \u00a0 07.00-19.30 Fri\u00a0 \u00a0 \u00a0 \u00a0 \u00a0 \u00a0 \u00a0 \u00a0 \u00a0","robots":{"index":"index","follow":"follow","max-snippet":"max-snippet:-1","max-image-preview":"max-image-preview:large","max-video-preview":"max-video-preview:-1"},"canonical":"https:\/\/kidairport.com\/en\/contact\/","og_locale":"en_US","og_type":"article","og_title":"Contact - KID Airport","og_description":"Kristianstad \u00d6sterlen Airport Flygplatsv\u00e4gen 1 297 92 Ever\u00f6d Tel: 044-23 88 00 E-mail: info@kidairport.com Mon-Thur\u00a0 \u00a0 07.00-19.30 Fri\u00a0 \u00a0 \u00a0 \u00a0 \u00a0 \u00a0 \u00a0 \u00a0 \u00a0","og_url":"https:\/\/kidairport.com\/en\/contact\/","og_site_name":"KID Airport","article_publisher":"https:\/\/www.facebook.com\/KIDAirport","article_modified_time":"2026-02-02T12:33:21+00:00","og_image":[{"width":1441,"height":2150,"url":"https:\/\/kidairport.com\/wp-content\/uploads\/2023\/08\/Radio-1-scaled-e1692604112172.jpg","type":"image\/jpeg"}],"twitter_card":"summary_large_image","twitter_misc":{"Est. reading time":"1 minute"},"schema":{"@context":"https:\/\/schema.org","@graph":[{"@type":"WebPage","@id":"https:\/\/kidairport.com\/en\/contact\/","url":"https:\/\/kidairport.com\/en\/contact\/","name":"Contact - KID Airport","isPartOf":{"@id":"https:\/\/kidairport.com\/#website"},"primaryImageOfPage":{"@id":"https:\/\/kidairport.com\/en\/contact\/#primaryimage"},"image":{"@id":"https:\/\/kidairport.com\/en\/contact\/#primaryimage"},"thumbnailUrl":"https:\/\/kidairport.com\/wp-content\/uploads\/2023\/08\/Radio-1-scaled-e1692604112172.jpg","datePublished":"2023-06-01T12:54:39+00:00","dateModified":"2026-02-02T12:33:21+00:00","description":"Kristianstad \u00d6sterlen Airport Flygplatsv\u00e4gen 1 297 92 Ever\u00f6d Tel: 044-23 88 00 E-mail: info@kidairport.com Mon-Thur\u00a0 \u00a0 07.00-19.30 Fri\u00a0 \u00a0 \u00a0 \u00a0 \u00a0 \u00a0 \u00a0 \u00a0 \u00a0","breadcrumb":{"@id":"https:\/\/kidairport.com\/en\/contact\/#breadcrumb"},"inLanguage":"en-US","potentialAction":[{"@type":"ReadAction","target":["https:\/\/kidairport.com\/en\/contact\/"]}]},{"@type":"ImageObject","inLanguage":"en-US","@id":"https:\/\/kidairport.com\/en\/contact\/#primaryimage","url":"https:\/\/kidairport.com\/wp-content\/uploads\/2023\/08\/Radio-1-scaled-e1692604112172.jpg","contentUrl":"https:\/\/kidairport.com\/wp-content\/uploads\/2023\/08\/Radio-1-scaled-e1692604112172.jpg","width":1441,"height":2150},{"@type":"BreadcrumbList","@id":"https:\/\/kidairport.com\/en\/contact\/#breadcrumb","itemListElement":[{"@type":"ListItem","position":1,"name":"Home","item":"https:\/\/kidairport.com\/en\/"},{"@type":"ListItem","position":2,"name":"Contact"}]},{"@type":"WebSite","@id":"https:\/\/kidairport.com\/#website","url":"https:\/\/kidairport.com\/","name":"KID Airport","description":"Lite Mera Hj\u00e4rta","publisher":{"@id":"https:\/\/kidairport.com\/#organization"},"potentialAction":[{"@type":"SearchAction","target":{"@type":"EntryPoint","urlTemplate":"https:\/\/kidairport.com\/?s={search_term_string}"},"query-input":{"@type":"PropertyValueSpecification","valueRequired":true,"valueName":"search_term_string"}}],"inLanguage":"en-US"},{"@type":"Organization","@id":"https:\/\/kidairport.com\/#organization","name":"Kristianstad \u00d6sterlen Airport","alternateName":"[KID] Airport","url":"https:\/\/kidairport.com\/","logo":{"@type":"ImageObject","inLanguage":"en-US","@id":"https:\/\/kidairport.com\/#\/schema\/logo\/image\/","url":"https:\/\/kidairport.com\/wp-content\/uploads\/2025\/01\/KID-sv-e1736845008842.png","contentUrl":"https:\/\/kidairport.com\/wp-content\/uploads\/2025\/01\/KID-sv-e1736845008842.png","width":696,"height":696,"caption":"Kristianstad \u00d6sterlen Airport"},"image":{"@id":"https:\/\/kidairport.com\/#\/schema\/logo\/image\/"},"sameAs":["https:\/\/www.facebook.com\/KIDAirport","https:\/\/www.instagram.com\/kidairport\/","https:\/\/www.linkedin.com\/company\/kristianstad-\u00f6sterlen-airport"]}]}},"_links":{"self":[{"href":"https:\/\/kidairport.com\/en\/wp-json\/wp\/v2\/pages\/921","targetHints":{"allow":["GET"]}}],"collection":[{"href":"https:\/\/kidairport.com\/en\/wp-json\/wp\/v2\/pages"}],"about":[{"href":"https:\/\/kidairport.com\/en\/wp-json\/wp\/v2\/types\/page"}],"author":[{"embeddable":true,"href":"https:\/\/kidairport.com\/en\/wp-json\/wp\/v2\/users\/3"}],"replies":[{"embeddable":true,"href":"https:\/\/kidairport.com\/en\/wp-json\/wp\/v2\/comments?post=921"}],"version-history":[{"count":0,"href":"https:\/\/kidairport.com\/en\/wp-json\/wp\/v2\/pages\/921\/revisions"}],"wp:featuredmedia":[{"embeddable":true,"href":"https:\/\/kidairport.com\/en\/wp-json\/wp\/v2\/media\/1299"}],"wp:attachment":[{"href":"https:\/\/kidairport.com\/en\/wp-json\/wp\/v2\/media?parent=921"}],"curies":[{"name":"wp","href":"https:\/\/api.w.org\/{rel}","templated":true}]}}