{"id":906,"date":"2023-07-18T13:03:10","date_gmt":"2023-07-18T11:03:10","guid":{"rendered":"https:\/\/kidairport.com\/?page_id=906"},"modified":"2025-10-30T10:47:48","modified_gmt":"2025-10-30T09:47:48","slug":"visiting-pilots","status":"publish","type":"page","link":"https:\/\/kidairport.com\/en\/visiting-pilots\/","title":{"rendered":"Visiting pilots"},"content":{"rendered":"<h2>Visiting pilots<\/h2>\n<p>Kristianstad&#8217;s Flygklubb is located at Kristianstad \u00d6sterlen Airport. Their hangar sits just north of the apron and is accessed via Taxiway D. Accommodation is possible in the clubhouse.<\/p>\n<p><img loading=\"lazy\" decoding=\"async\" class=\"alignnone size-medium wp-image-1449\" src=\"https:\/\/kidairport.com\/wp-content\/uploads\/2023\/09\/Kristianstads-flygklubb-1-490x178.jpg\" alt=\"\" width=\"490\" height=\"178\" srcset=\"https:\/\/kidairport.com\/wp-content\/uploads\/2023\/09\/Kristianstads-flygklubb-1-490x178.jpg 490w, https:\/\/kidairport.com\/wp-content\/uploads\/2023\/09\/Kristianstads-flygklubb-1-248x90.jpg 248w, https:\/\/kidairport.com\/wp-content\/uploads\/2023\/09\/Kristianstads-flygklubb-1-551x200.jpg 551w, https:\/\/kidairport.com\/wp-content\/uploads\/2023\/09\/Kristianstads-flygklubb-1.jpg 744w\" sizes=\"(max-width: 490px) 100vw, 490px\" \/><\/p>\n<p>Airfield information<\/p>\n<p>Kristianstad \u00d6sterlen Airport , ESMK, is a controlled by ACR Traffic Control. Official information is found in <a href=\"https:\/\/www.aro.lfv.se\/Editorial\/View\/IAIP?folderId=42\" target=\"_blank\" rel=\"noopener noreferrer\">IAIP<\/a>.<br \/>\nPPR &#8211; PN is required for VFR-traffic outside of operational hours. Use the following link to the Flight club to request PPR \u00a0<a href=\"https:\/\/krfk.se\/visitor\/\" target=\"_blank\" rel=\"noopener\">Visiting pilots of ESMK | Kristianstads Flygklubb (krfk.se)<\/a><\/p>\n<p>Visitors from outside EU cannot travel to ESMK as first stop within EU, you need to enter via an airport with customs\/immigration. (e.g. ESMS).<\/p>\n<p>ESMK Kristianstad frequency 129.355. Radio watch is mandatory when you are within ESMK CTR.<br \/>\nOutside of ATS opening hours, blind transmission is also mandatory when you are within ESMK CTR. Intention to take off or land must be clearly announced on channel 129.355.<\/p>\n<p>Runway 01\/19: right-hand circuit runway 19.<\/p>\n<p>Runway 11\/29 (grass): permanently closed from 2023-03-23.<\/p>\n<p>Avoid flying over the village of Ever\u00f6ds (finns en lucka i banans f\u00f6rl\u00e4ngning), the churches and the spirits factory. See traffic turns <a href=\"https:\/\/krfk.se\/wp1\/wp-content\/uploads\/2019\/03\/Trafikvarvet-vid-ESMK_g\u00e4st.pdf\">here<\/a>.<br \/>\nSkydiving in the field all year round! Landing zone east of the tarmac at the level of the apron (avoid passing at low altitude in the middle of the field)<\/p>\n<p>There is also a rescue helicopter stationed at ESMK and it operates outside tower hours. They do appreciate that your transponder is turned on so you are visible to them (although it is not a requirement when the tower is closed). Its callsign is Lifeguard+three digits.<br \/>\nWhen it&#8217;s on a rescue mission the call sign changes to Rescue Lifeguard + three digits, and it should then have highest priority.<\/p>\n<h2>Fuel<\/h2>\n<p>BP UL91 and Jet A1 are provided by the airport; For UL91 you need a BP Sterling UL91 card.<\/p>\n<h2>Visiting the club (non-commercial, MTOW\u00a0&lt;\u00a02500 kg)<\/h2>\n<p>If you would like assistance from the club, contact us preferably via\u00a0<a href=\"mailto:guests@krfk.se\">guests@krfk.se<\/a> (is checked several times per day) and provide us with ETA\/ETD,\u00a0 registration, and other information. You could also call <a href=\"tel:+46 734 42 68 60\">+46 734 42 68 60<\/a> but we are not always able to answer.<br \/>\nThere is no personnel stationed at the club so we do prefer to have a heads-up of your arrival at least a couple of days in advance.<\/p>\n<p>If you arrive and need to leave the field \u201dvia the ground\u201d (and nobody is present) there is a one-way gate you could use. When coming back and the club is closed then you need to ask if the personnel at the terminal could let you through (if it&#8217;s open), otherwise, you need to contact the club via the number above.<\/p>\n<p><span class=\"notranslate\">There is no landing fee (obs non-commercial, MTOW&lt;2500kg) if you add information to the digital guestbook on the desktop at the open computer at the flying club (to the left inside the entrance door). There is no fee for short-time parking the plane on the lawn (max 1 week, thereafter 100 SEK\/week or 250 SEK\/month). If you would like to have it inside a hangar (if there is space) then the fee is 100 SEK \/ 10\u20ac per 24 hours.<\/span><\/p>\n<p>We have some foldable beds you could use if you need to stay at the clubhouse during the night. We then ask you to \u201dcontribute\u201d to our club with 100 SEK\/10\u20ac.<\/p>\n<p>Observe: according to\u00a0<em>concession board<\/em> decision KN120\/97, touch-and-go\u2019s and skydiving are not allowed on the following days: Good Friday, Easter Day, Ascension Day, Whitsun Eve, All Saint\u2019s Day, Christmas Eve, Christmas Day, and July 5th and 19th.<\/p>\n<h2>Map<\/h2>\n<p><img loading=\"lazy\" decoding=\"async\" class=\"alignnone size-medium wp-image-1448\" src=\"https:\/\/kidairport.com\/wp-content\/uploads\/2023\/09\/KFK-map-1-490x375.jpg\" alt=\"\" width=\"490\" height=\"375\" srcset=\"https:\/\/kidairport.com\/wp-content\/uploads\/2023\/09\/KFK-map-1-490x375.jpg 490w, https:\/\/kidairport.com\/wp-content\/uploads\/2023\/09\/KFK-map-1-768x588.jpg 768w, https:\/\/kidairport.com\/wp-content\/uploads\/2023\/09\/KFK-map-1-118x90.jpg 118w, https:\/\/kidairport.com\/wp-content\/uploads\/2023\/09\/KFK-map-1-261x200.jpg 261w, https:\/\/kidairport.com\/wp-content\/uploads\/2023\/09\/KFK-map-1.jpg 839w\" sizes=\"(max-width: 490px) 100vw, 490px\" \/><\/p>\n<h2>Airport plates (in Swedish)<\/h2>\n<p>Latest published airport plate from KSAB-Svenska Flygf\u00e4lt.<\/p>\n<p><img loading=\"lazy\" decoding=\"async\" class=\"alignnone size-full wp-image-1445\" src=\"https:\/\/kidairport.com\/wp-content\/uploads\/2023\/09\/ESMK_2023-03-23_sida1-1.jpg\" alt=\"\" width=\"108\" height=\"150\" srcset=\"https:\/\/kidairport.com\/wp-content\/uploads\/2023\/09\/ESMK_2023-03-23_sida1-1.jpg 108w, https:\/\/kidairport.com\/wp-content\/uploads\/2023\/09\/ESMK_2023-03-23_sida1-1-65x90.jpg 65w\" sizes=\"(max-width: 108px) 100vw, 108px\" \/><\/p>\n<p>1st page<\/p>\n<p><img loading=\"lazy\" decoding=\"async\" class=\"alignnone size-full wp-image-1446\" src=\"https:\/\/kidairport.com\/wp-content\/uploads\/2023\/09\/ESMK_2023-03-23_sida2-1.jpg\" alt=\"\" width=\"107\" height=\"150\" srcset=\"https:\/\/kidairport.com\/wp-content\/uploads\/2023\/09\/ESMK_2023-03-23_sida2-1.jpg 107w, https:\/\/kidairport.com\/wp-content\/uploads\/2023\/09\/ESMK_2023-03-23_sida2-1-64x90.jpg 64w\" sizes=\"(max-width: 107px) 100vw, 107px\" \/><\/p>\n<p>2nd page<\/p>\n<p><img loading=\"lazy\" decoding=\"async\" class=\"alignnone size-medium wp-image-1447\" src=\"https:\/\/kidairport.com\/wp-content\/uploads\/2023\/09\/ESMK-flygfoto-1-490x265.jpg\" alt=\"\" width=\"490\" height=\"265\" srcset=\"https:\/\/kidairport.com\/wp-content\/uploads\/2023\/09\/ESMK-flygfoto-1-490x265.jpg 490w, https:\/\/kidairport.com\/wp-content\/uploads\/2023\/09\/ESMK-flygfoto-1-980x530.jpg 980w, https:\/\/kidairport.com\/wp-content\/uploads\/2023\/09\/ESMK-flygfoto-1-768x416.jpg 768w, https:\/\/kidairport.com\/wp-content\/uploads\/2023\/09\/ESMK-flygfoto-1-1536x831.jpg 1536w, https:\/\/kidairport.com\/wp-content\/uploads\/2023\/09\/ESMK-flygfoto-1-166x90.jpg 166w, https:\/\/kidairport.com\/wp-content\/uploads\/2023\/09\/ESMK-flygfoto-1-370x200.jpg 370w, https:\/\/kidairport.com\/wp-content\/uploads\/2023\/09\/ESMK-flygfoto-1.jpg 2048w\" sizes=\"(max-width: 490px) 100vw, 490px\" \/><\/p>\n","protected":false},"excerpt":{"rendered":"<p>Visiting pilots Kristianstad&#8217;s Flygklubb is located at Kristianstad \u00d6sterlen Airport. Their hangar sits just north of the apron and is accessed via Taxiway D. Accommodation is possible in the clubhouse. Airfield information Kristianstad \u00d6sterlen Airport , ESMK, is a controlled by ACR Traffic Control. Official information is found in IAIP. PPR &#8211; PN is required [&hellip;]<\/p>\n","protected":false},"author":3,"featured_media":908,"parent":0,"menu_order":0,"comment_status":"closed","ping_status":"closed","template":"","meta":{"_acf_changed":false,"_monsterinsights_skip_tracking":false,"_monsterinsights_sitenote_active":false,"_monsterinsights_sitenote_note":"","_monsterinsights_sitenote_category":0,"footnotes":""},"class_list":["post-906","page","type-page","status-publish","has-post-thumbnail","hentry"],"acf":[],"yoast_head":"<!-- This site is optimized with the Yoast SEO plugin v27.3 - https:\/\/yoast.com\/product\/yoast-seo-wordpress\/ -->\n<title>Visiting pilots - KID Airport<\/title>\n<meta name=\"description\" content=\"Visiting pilots Kristianstad&#039;s Flygklubb is located at Kristianstad \u00d6sterlen Airport. Their hangar sits just north of the apron and is accessed via\" \/>\n<meta name=\"robots\" content=\"index, follow, max-snippet:-1, max-image-preview:large, max-video-preview:-1\" \/>\n<link rel=\"canonical\" href=\"https:\/\/kidairport.com\/en\/visiting-pilots\/\" \/>\n<meta property=\"og:locale\" content=\"en_US\" \/>\n<meta property=\"og:type\" content=\"article\" \/>\n<meta property=\"og:title\" content=\"Visiting pilots - KID Airport\" \/>\n<meta property=\"og:description\" content=\"Visiting pilots Kristianstad&#039;s Flygklubb is located at Kristianstad \u00d6sterlen Airport. Their hangar sits just north of the apron and is accessed via\" \/>\n<meta property=\"og:url\" content=\"https:\/\/kidairport.com\/en\/visiting-pilots\/\" \/>\n<meta property=\"og:site_name\" content=\"KID Airport\" \/>\n<meta property=\"article:publisher\" content=\"https:\/\/www.facebook.com\/KIDAirport\" \/>\n<meta property=\"article:modified_time\" content=\"2025-10-30T09:47:48+00:00\" \/>\n<meta property=\"og:image\" content=\"https:\/\/kidairport.com\/wp-content\/uploads\/2023\/07\/Litet-plan-pa-runway-1-scaled-e1689681044254.jpg\" \/>\n\t<meta property=\"og:image:width\" content=\"1440\" \/>\n\t<meta property=\"og:image:height\" content=\"1894\" \/>\n\t<meta property=\"og:image:type\" content=\"image\/jpeg\" \/>\n<meta name=\"twitter:card\" content=\"summary_large_image\" \/>\n<meta name=\"twitter:label1\" content=\"Est. reading time\" \/>\n\t<meta name=\"twitter:data1\" content=\"4 minutes\" \/>\n<script type=\"application\/ld+json\" class=\"yoast-schema-graph\">{\"@context\":\"https:\\\/\\\/schema.org\",\"@graph\":[{\"@type\":\"WebPage\",\"@id\":\"https:\\\/\\\/kidairport.com\\\/en\\\/visiting-pilots\\\/\",\"url\":\"https:\\\/\\\/kidairport.com\\\/en\\\/visiting-pilots\\\/\",\"name\":\"Visiting pilots - KID Airport\",\"isPartOf\":{\"@id\":\"https:\\\/\\\/kidairport.com\\\/#website\"},\"primaryImageOfPage\":{\"@id\":\"https:\\\/\\\/kidairport.com\\\/en\\\/visiting-pilots\\\/#primaryimage\"},\"image\":{\"@id\":\"https:\\\/\\\/kidairport.com\\\/en\\\/visiting-pilots\\\/#primaryimage\"},\"thumbnailUrl\":\"https:\\\/\\\/kidairport.com\\\/wp-content\\\/uploads\\\/2023\\\/07\\\/Litet-plan-pa-runway-1-scaled-e1689681044254.jpg\",\"datePublished\":\"2023-07-18T11:03:10+00:00\",\"dateModified\":\"2025-10-30T09:47:48+00:00\",\"description\":\"Visiting pilots Kristianstad's Flygklubb is located at Kristianstad \u00d6sterlen Airport. Their hangar sits just north of the apron and is accessed via\",\"breadcrumb\":{\"@id\":\"https:\\\/\\\/kidairport.com\\\/en\\\/visiting-pilots\\\/#breadcrumb\"},\"inLanguage\":\"en-US\",\"potentialAction\":[{\"@type\":\"ReadAction\",\"target\":[\"https:\\\/\\\/kidairport.com\\\/en\\\/visiting-pilots\\\/\"]}]},{\"@type\":\"ImageObject\",\"inLanguage\":\"en-US\",\"@id\":\"https:\\\/\\\/kidairport.com\\\/en\\\/visiting-pilots\\\/#primaryimage\",\"url\":\"https:\\\/\\\/kidairport.com\\\/wp-content\\\/uploads\\\/2023\\\/07\\\/Litet-plan-pa-runway-1-scaled-e1689681044254.jpg\",\"contentUrl\":\"https:\\\/\\\/kidairport.com\\\/wp-content\\\/uploads\\\/2023\\\/07\\\/Litet-plan-pa-runway-1-scaled-e1689681044254.jpg\",\"width\":1440,\"height\":1894},{\"@type\":\"BreadcrumbList\",\"@id\":\"https:\\\/\\\/kidairport.com\\\/en\\\/visiting-pilots\\\/#breadcrumb\",\"itemListElement\":[{\"@type\":\"ListItem\",\"position\":1,\"name\":\"Home\",\"item\":\"https:\\\/\\\/kidairport.com\\\/en\\\/\"},{\"@type\":\"ListItem\",\"position\":2,\"name\":\"Visiting pilots\"}]},{\"@type\":\"WebSite\",\"@id\":\"https:\\\/\\\/kidairport.com\\\/#website\",\"url\":\"https:\\\/\\\/kidairport.com\\\/\",\"name\":\"KID Airport\",\"description\":\"Lite Mera Hj\u00e4rta\",\"publisher\":{\"@id\":\"https:\\\/\\\/kidairport.com\\\/#organization\"},\"potentialAction\":[{\"@type\":\"SearchAction\",\"target\":{\"@type\":\"EntryPoint\",\"urlTemplate\":\"https:\\\/\\\/kidairport.com\\\/?s={search_term_string}\"},\"query-input\":{\"@type\":\"PropertyValueSpecification\",\"valueRequired\":true,\"valueName\":\"search_term_string\"}}],\"inLanguage\":\"en-US\"},{\"@type\":\"Organization\",\"@id\":\"https:\\\/\\\/kidairport.com\\\/#organization\",\"name\":\"Kristianstad \u00d6sterlen Airport\",\"alternateName\":\"[KID] Airport\",\"url\":\"https:\\\/\\\/kidairport.com\\\/\",\"logo\":{\"@type\":\"ImageObject\",\"inLanguage\":\"en-US\",\"@id\":\"https:\\\/\\\/kidairport.com\\\/#\\\/schema\\\/logo\\\/image\\\/\",\"url\":\"https:\\\/\\\/kidairport.com\\\/wp-content\\\/uploads\\\/2025\\\/01\\\/KID-sv-e1736845008842.png\",\"contentUrl\":\"https:\\\/\\\/kidairport.com\\\/wp-content\\\/uploads\\\/2025\\\/01\\\/KID-sv-e1736845008842.png\",\"width\":696,\"height\":696,\"caption\":\"Kristianstad \u00d6sterlen Airport\"},\"image\":{\"@id\":\"https:\\\/\\\/kidairport.com\\\/#\\\/schema\\\/logo\\\/image\\\/\"},\"sameAs\":[\"https:\\\/\\\/www.facebook.com\\\/KIDAirport\",\"https:\\\/\\\/www.instagram.com\\\/kidairport\\\/\",\"https:\\\/\\\/www.linkedin.com\\\/company\\\/kristianstad-\u00f6sterlen-airport\"]}]}<\/script>\n<!-- \/ Yoast SEO plugin. -->","yoast_head_json":{"title":"Visiting pilots - KID Airport","description":"Visiting pilots Kristianstad's Flygklubb is located at Kristianstad \u00d6sterlen Airport. Their hangar sits just north of the apron and is accessed via","robots":{"index":"index","follow":"follow","max-snippet":"max-snippet:-1","max-image-preview":"max-image-preview:large","max-video-preview":"max-video-preview:-1"},"canonical":"https:\/\/kidairport.com\/en\/visiting-pilots\/","og_locale":"en_US","og_type":"article","og_title":"Visiting pilots - KID Airport","og_description":"Visiting pilots Kristianstad's Flygklubb is located at Kristianstad \u00d6sterlen Airport. Their hangar sits just north of the apron and is accessed via","og_url":"https:\/\/kidairport.com\/en\/visiting-pilots\/","og_site_name":"KID Airport","article_publisher":"https:\/\/www.facebook.com\/KIDAirport","article_modified_time":"2025-10-30T09:47:48+00:00","og_image":[{"width":1440,"height":1894,"url":"https:\/\/kidairport.com\/wp-content\/uploads\/2023\/07\/Litet-plan-pa-runway-1-scaled-e1689681044254.jpg","type":"image\/jpeg"}],"twitter_card":"summary_large_image","twitter_misc":{"Est. reading time":"4 minutes"},"schema":{"@context":"https:\/\/schema.org","@graph":[{"@type":"WebPage","@id":"https:\/\/kidairport.com\/en\/visiting-pilots\/","url":"https:\/\/kidairport.com\/en\/visiting-pilots\/","name":"Visiting pilots - KID Airport","isPartOf":{"@id":"https:\/\/kidairport.com\/#website"},"primaryImageOfPage":{"@id":"https:\/\/kidairport.com\/en\/visiting-pilots\/#primaryimage"},"image":{"@id":"https:\/\/kidairport.com\/en\/visiting-pilots\/#primaryimage"},"thumbnailUrl":"https:\/\/kidairport.com\/wp-content\/uploads\/2023\/07\/Litet-plan-pa-runway-1-scaled-e1689681044254.jpg","datePublished":"2023-07-18T11:03:10+00:00","dateModified":"2025-10-30T09:47:48+00:00","description":"Visiting pilots Kristianstad's Flygklubb is located at Kristianstad \u00d6sterlen Airport. Their hangar sits just north of the apron and is accessed via","breadcrumb":{"@id":"https:\/\/kidairport.com\/en\/visiting-pilots\/#breadcrumb"},"inLanguage":"en-US","potentialAction":[{"@type":"ReadAction","target":["https:\/\/kidairport.com\/en\/visiting-pilots\/"]}]},{"@type":"ImageObject","inLanguage":"en-US","@id":"https:\/\/kidairport.com\/en\/visiting-pilots\/#primaryimage","url":"https:\/\/kidairport.com\/wp-content\/uploads\/2023\/07\/Litet-plan-pa-runway-1-scaled-e1689681044254.jpg","contentUrl":"https:\/\/kidairport.com\/wp-content\/uploads\/2023\/07\/Litet-plan-pa-runway-1-scaled-e1689681044254.jpg","width":1440,"height":1894},{"@type":"BreadcrumbList","@id":"https:\/\/kidairport.com\/en\/visiting-pilots\/#breadcrumb","itemListElement":[{"@type":"ListItem","position":1,"name":"Home","item":"https:\/\/kidairport.com\/en\/"},{"@type":"ListItem","position":2,"name":"Visiting pilots"}]},{"@type":"WebSite","@id":"https:\/\/kidairport.com\/#website","url":"https:\/\/kidairport.com\/","name":"KID Airport","description":"Lite Mera Hj\u00e4rta","publisher":{"@id":"https:\/\/kidairport.com\/#organization"},"potentialAction":[{"@type":"SearchAction","target":{"@type":"EntryPoint","urlTemplate":"https:\/\/kidairport.com\/?s={search_term_string}"},"query-input":{"@type":"PropertyValueSpecification","valueRequired":true,"valueName":"search_term_string"}}],"inLanguage":"en-US"},{"@type":"Organization","@id":"https:\/\/kidairport.com\/#organization","name":"Kristianstad \u00d6sterlen Airport","alternateName":"[KID] Airport","url":"https:\/\/kidairport.com\/","logo":{"@type":"ImageObject","inLanguage":"en-US","@id":"https:\/\/kidairport.com\/#\/schema\/logo\/image\/","url":"https:\/\/kidairport.com\/wp-content\/uploads\/2025\/01\/KID-sv-e1736845008842.png","contentUrl":"https:\/\/kidairport.com\/wp-content\/uploads\/2025\/01\/KID-sv-e1736845008842.png","width":696,"height":696,"caption":"Kristianstad \u00d6sterlen Airport"},"image":{"@id":"https:\/\/kidairport.com\/#\/schema\/logo\/image\/"},"sameAs":["https:\/\/www.facebook.com\/KIDAirport","https:\/\/www.instagram.com\/kidairport\/","https:\/\/www.linkedin.com\/company\/kristianstad-\u00f6sterlen-airport"]}]}},"_links":{"self":[{"href":"https:\/\/kidairport.com\/en\/wp-json\/wp\/v2\/pages\/906","targetHints":{"allow":["GET"]}}],"collection":[{"href":"https:\/\/kidairport.com\/en\/wp-json\/wp\/v2\/pages"}],"about":[{"href":"https:\/\/kidairport.com\/en\/wp-json\/wp\/v2\/types\/page"}],"author":[{"embeddable":true,"href":"https:\/\/kidairport.com\/en\/wp-json\/wp\/v2\/users\/3"}],"replies":[{"embeddable":true,"href":"https:\/\/kidairport.com\/en\/wp-json\/wp\/v2\/comments?post=906"}],"version-history":[{"count":0,"href":"https:\/\/kidairport.com\/en\/wp-json\/wp\/v2\/pages\/906\/revisions"}],"wp:featuredmedia":[{"embeddable":true,"href":"https:\/\/kidairport.com\/en\/wp-json\/wp\/v2\/media\/908"}],"wp:attachment":[{"href":"https:\/\/kidairport.com\/en\/wp-json\/wp\/v2\/media?parent=906"}],"curies":[{"name":"wp","href":"https:\/\/api.w.org\/{rel}","templated":true}]}}